{"id":1205,"date":"2017-12-25T09:04:38","date_gmt":"2017-12-25T08:04:38","guid":{"rendered":"http:\/\/ld-wp.template-help.com\/wordpress_prod-11024\/v3\/architect\/?page_id=1205"},"modified":"2025-06-17T12:00:31","modified_gmt":"2025-06-17T10:00:31","slug":"kontakt","status":"publish","type":"page","link":"https:\/\/www.setec.cz\/?page_id=1205","title":{"rendered":"Kontakt"},"content":{"rendered":"\t\t<div data-elementor-type=\"wp-post\" data-elementor-id=\"1205\" class=\"elementor elementor-1205\">\n\t\t\t\t\t\t<div class=\"elementor-inner\">\n\t\t\t\t<div class=\"elementor-section-wrap\">\n\t\t\t\t\t\t\t\t\t<section class=\"elementor-section elementor-top-section elementor-element elementor-element-ff3f695 elementor-section-boxed elementor-section-height-default elementor-section-height-default\" data-id=\"ff3f695\" data-element_type=\"section\">\n\t\t\t\t\t\t<div class=\"elementor-container elementor-column-gap-default\">\n\t\t\t\t\t\t\t<div class=\"elementor-row\">\n\t\t\t\t\t<div class=\"elementor-column elementor-col-100 elementor-top-column elementor-element elementor-element-2523708\" data-id=\"2523708\" data-element_type=\"column\">\n\t\t\t<div class=\"elementor-column-wrap\">\n\t\t\t\t\t\t\t<div class=\"elementor-widget-wrap\">\n\t\t\t\t\t\t\t\t<\/div>\n\t\t\t\t\t<\/div>\n\t\t<\/div>\n\t\t\t\t\t\t\t\t<\/div>\n\t\t\t\t\t<\/div>\n\t\t<\/section>\n\t\t\t\t<section class=\"elementor-section elementor-top-section elementor-element elementor-element-f93bea7 elementor-section-boxed elementor-section-height-default elementor-section-height-default\" data-id=\"f93bea7\" data-element_type=\"section\">\n\t\t\t\t\t\t<div class=\"elementor-container elementor-column-gap-default\">\n\t\t\t\t\t\t\t<div class=\"elementor-row\">\n\t\t\t\t\t<div class=\"elementor-column elementor-col-33 elementor-top-column elementor-element elementor-element-19c6221\" data-id=\"19c6221\" data-element_type=\"column\">\n\t\t\t<div class=\"elementor-column-wrap elementor-element-populated\">\n\t\t\t\t\t\t\t<div class=\"elementor-widget-wrap\">\n\t\t\t\t\t\t<div class=\"elementor-element elementor-element-87573ba elementor-widget-divider--view-line elementor-widget elementor-widget-divider\" data-id=\"87573ba\" data-element_type=\"widget\" data-widget_type=\"divider.default\">\n\t\t\t\t<div class=\"elementor-widget-container\">\n\t\t\t\t\t<div class=\"elementor-divider\">\n\t\t\t<span class=\"elementor-divider-separator\">\n\t\t\t\t\t\t<\/span>\n\t\t<\/div>\n\t\t\t\t<\/div>\n\t\t\t\t<\/div>\n\t\t\t\t<div class=\"elementor-element elementor-element-da13650 elementor-widget elementor-widget-spacer\" data-id=\"da13650\" data-element_type=\"widget\" data-widget_type=\"spacer.default\">\n\t\t\t\t<div class=\"elementor-widget-container\">\n\t\t\t\t\t<div class=\"elementor-spacer\">\n\t\t\t<div class=\"elementor-spacer-inner\"><\/div>\n\t\t<\/div>\n\t\t\t\t<\/div>\n\t\t\t\t<\/div>\n\t\t\t\t<div class=\"elementor-element elementor-element-1065570 elementor-widget elementor-widget-heading\" data-id=\"1065570\" data-element_type=\"widget\" data-widget_type=\"heading.default\">\n\t\t\t\t<div class=\"elementor-widget-container\">\n\t\t\t<h5 class=\"elementor-heading-title elementor-size-default\">Kontakty<\/h5>\t\t<\/div>\n\t\t\t\t<\/div>\n\t\t\t\t<div class=\"elementor-element elementor-element-4877733 elementor-widget elementor-widget-spacer\" data-id=\"4877733\" data-element_type=\"widget\" data-widget_type=\"spacer.default\">\n\t\t\t\t<div class=\"elementor-widget-container\">\n\t\t\t\t\t<div class=\"elementor-spacer\">\n\t\t\t<div class=\"elementor-spacer-inner\"><\/div>\n\t\t<\/div>\n\t\t\t\t<\/div>\n\t\t\t\t<\/div>\n\t\t\t\t<div class=\"elementor-element elementor-element-67755a55 elementor-widget elementor-widget-text-editor\" data-id=\"67755a55\" data-element_type=\"widget\" data-widget_type=\"text-editor.default\">\n\t\t\t\t<div class=\"elementor-widget-container\">\n\t\t\t\t\t\t\t\t<div class=\"elementor-text-editor elementor-clearfix\">\n\t\t\t\t<p><strong>SETEC s. r. o.<\/strong><\/p><p>Pr\u00e1\u010dsk\u00e1 3259\/8c<br \/>106 00 Praha 10<\/p><p>tel.: (+420) 2 579 22 555<br \/>fax: (+420) 2 579 20 180<br \/>setec@setec.cz<\/p>\t\t\t\t\t<\/div>\n\t\t\t\t\t\t<\/div>\n\t\t\t\t<\/div>\n\t\t\t\t<div class=\"elementor-element elementor-element-79c2f9a elementor-widget elementor-widget-spacer\" data-id=\"79c2f9a\" data-element_type=\"widget\" data-widget_type=\"spacer.default\">\n\t\t\t\t<div class=\"elementor-widget-container\">\n\t\t\t\t\t<div class=\"elementor-spacer\">\n\t\t\t<div class=\"elementor-spacer-inner\"><\/div>\n\t\t<\/div>\n\t\t\t\t<\/div>\n\t\t\t\t<\/div>\n\t\t\t\t<div class=\"elementor-element elementor-element-3e8dbf0 elementor-widget elementor-widget-image\" data-id=\"3e8dbf0\" data-element_type=\"widget\" data-widget_type=\"image.default\">\n\t\t\t\t<div class=\"elementor-widget-container\">\n\t\t\t\t\t\t\t\t<div class=\"elementor-image\">\n\t\t\t\t\t\t\t\t\t\t\t\t<img loading=\"lazy\" decoding=\"async\" width=\"885\" height=\"592\" src=\"https:\/\/www.setec.cz\/wp-content\/uploads\/2020\/11\/Setec-noc-2-1024x685.jpg\" class=\"attachment-large size-large wp-image-4474\" alt=\"Setec - budova firmy\" srcset=\"https:\/\/www.setec.cz\/wp-content\/uploads\/2020\/11\/Setec-noc-2-1024x685.jpg 1024w, https:\/\/www.setec.cz\/wp-content\/uploads\/2020\/11\/Setec-noc-2-300x201.jpg 300w, https:\/\/www.setec.cz\/wp-content\/uploads\/2020\/11\/Setec-noc-2-768x514.jpg 768w, https:\/\/www.setec.cz\/wp-content\/uploads\/2020\/11\/Setec-noc-2-560x375.jpg 560w, https:\/\/www.setec.cz\/wp-content\/uploads\/2020\/11\/Setec-noc-2.jpg 1170w\" sizes=\"auto, (max-width: 885px) 100vw, 885px\" \/>\t\t\t\t\t\t\t\t\t\t\t\t\t\t<\/div>\n\t\t\t\t\t\t<\/div>\n\t\t\t\t<\/div>\n\t\t\t\t<div class=\"elementor-element elementor-element-bab4374 elementor-widget elementor-widget-spacer\" data-id=\"bab4374\" data-element_type=\"widget\" data-widget_type=\"spacer.default\">\n\t\t\t\t<div class=\"elementor-widget-container\">\n\t\t\t\t\t<div class=\"elementor-spacer\">\n\t\t\t<div class=\"elementor-spacer-inner\"><\/div>\n\t\t<\/div>\n\t\t\t\t<\/div>\n\t\t\t\t<\/div>\n\t\t\t\t<div class=\"elementor-element elementor-element-79e9e14 elementor-widget elementor-widget-text-editor\" data-id=\"79e9e14\" data-element_type=\"widget\" data-widget_type=\"text-editor.default\">\n\t\t\t\t<div class=\"elementor-widget-container\">\n\t\t\t\t\t\t\t\t<div class=\"elementor-text-editor elementor-clearfix\">\n\t\t\t\t<p>I\u010c: 257 23 791<br \/>DI\u010c: CZ 257 23 791<\/p><p>Firma Setec\u00a0s.\u00a0r.\u00a0o. je od 28.\u00a012.\u00a01998 zaps\u00e1na v\u00a0obchodn\u00edm rejst\u0159\u00edku M\u011bstsk\u00e9ho soudu v Praze pod spisovou zna\u010dkou C\u00a064455.<\/p>\t\t\t\t\t<\/div>\n\t\t\t\t\t\t<\/div>\n\t\t\t\t<\/div>\n\t\t\t\t\t\t<\/div>\n\t\t\t\t\t<\/div>\n\t\t<\/div>\n\t\t\t\t<div class=\"elementor-column elementor-col-66 elementor-top-column elementor-element elementor-element-d24a090\" data-id=\"d24a090\" data-element_type=\"column\">\n\t\t\t<div class=\"elementor-column-wrap elementor-element-populated\">\n\t\t\t\t\t\t\t<div class=\"elementor-widget-wrap\">\n\t\t\t\t\t\t<div class=\"elementor-element elementor-element-d12376d elementor-widget elementor-widget-google_maps\" data-id=\"d12376d\" data-element_type=\"widget\" data-widget_type=\"google_maps.default\">\n\t\t\t\t<div class=\"elementor-widget-container\">\n\t\t\t\t\t<div class=\"elementor-custom-embed\">\n\t\t\t<iframe loading=\"lazy\"\n\t\t\t\t\tsrc=\"https:\/\/maps.google.com\/maps?q=Pr%C3%A1%C4%8Dsk%C3%A1%203259%2F8c%2C%20Praha%2010&#038;t=m&#038;z=17&#038;output=embed&#038;iwloc=near\"\n\t\t\t\t\ttitle=\"Pr\u00e1\u010dsk\u00e1 3259\/8c, Praha 10\"\n\t\t\t\t\taria-label=\"Pr\u00e1\u010dsk\u00e1 3259\/8c, Praha 10\"\n\t\t\t><\/iframe>\n\t\t<\/div>\n\t\t\t\t<\/div>\n\t\t\t\t<\/div>\n\t\t\t\t\t\t<\/div>\n\t\t\t\t\t<\/div>\n\t\t<\/div>\n\t\t\t\t\t\t\t\t<\/div>\n\t\t\t\t\t<\/div>\n\t\t<\/section>\n\t\t\t\t\t\t\t\t\t<\/div>\n\t\t\t<\/div>\n\t\t\t\t\t<\/div>\n\t\t","protected":false},"excerpt":{"rendered":"<p>Kontakty SETEC s. r. o. Pr\u00e1\u010dsk\u00e1 3259\/8c106 00 Praha 10 tel.: (+420) 2 579 22 555fax: (+420) 2 579 20 180setec@setec.cz I\u010c: 257 23 791DI\u010c: CZ 257 23 791 Firma Setec\u00a0s.\u00a0r.\u00a0o. je od 28.\u00a012.\u00a01998 zaps\u00e1na v\u00a0obchodn\u00edm rejst\u0159\u00edku M\u011bstsk\u00e9ho soudu v Praze pod spisovou zna\u010dkou C\u00a064455.<\/p>\n","protected":false},"author":1,"featured_media":0,"parent":0,"menu_order":0,"comment_status":"closed","ping_status":"closed","template":"","meta":{"_monsterinsights_skip_tracking":false,"_monsterinsights_sitenote_active":false,"_monsterinsights_sitenote_note":"","_monsterinsights_sitenote_category":0,"footnotes":""},"class_list":["post-1205","page","type-page","status-publish","hentry","no-thumb"],"_links":{"self":[{"href":"https:\/\/www.setec.cz\/index.php?rest_route=\/wp\/v2\/pages\/1205","targetHints":{"allow":["GET"]}}],"collection":[{"href":"https:\/\/www.setec.cz\/index.php?rest_route=\/wp\/v2\/pages"}],"about":[{"href":"https:\/\/www.setec.cz\/index.php?rest_route=\/wp\/v2\/types\/page"}],"author":[{"embeddable":true,"href":"https:\/\/www.setec.cz\/index.php?rest_route=\/wp\/v2\/users\/1"}],"replies":[{"embeddable":true,"href":"https:\/\/www.setec.cz\/index.php?rest_route=%2Fwp%2Fv2%2Fcomments&post=1205"}],"version-history":[{"count":180,"href":"https:\/\/www.setec.cz\/index.php?rest_route=\/wp\/v2\/pages\/1205\/revisions"}],"predecessor-version":[{"id":5051,"href":"https:\/\/www.setec.cz\/index.php?rest_route=\/wp\/v2\/pages\/1205\/revisions\/5051"}],"wp:attachment":[{"href":"https:\/\/www.setec.cz\/index.php?rest_route=%2Fwp%2Fv2%2Fmedia&parent=1205"}],"curies":[{"name":"wp","href":"https:\/\/api.w.org\/{rel}","templated":true}]}}