{"id":2941,"date":"2019-11-21T15:58:35","date_gmt":"2019-11-21T14:58:35","guid":{"rendered":"http:\/\/www.setec.cz\/projects-v3-copy\/"},"modified":"2023-07-01T08:52:19","modified_gmt":"2023-07-01T06:52:19","slug":"reference","status":"publish","type":"page","link":"https:\/\/www.setec.cz\/?page_id=2941","title":{"rendered":"Reference"},"content":{"rendered":"\t\t<div data-elementor-type=\"wp-page\" data-elementor-id=\"2941\" class=\"elementor elementor-2941\">\n\t\t\t\t\t\t<div class=\"elementor-inner\">\n\t\t\t\t<div class=\"elementor-section-wrap\">\n\t\t\t\t\t\t\t\t\t<section class=\"elementor-section elementor-top-section elementor-element elementor-element-be3 elementor-section-full_width elementor-section-height-default elementor-section-height-default\" data-id=\"be3\" data-element_type=\"section\" data-settings=\"{&quot;background_background&quot;:&quot;classic&quot;}\">\n\t\t\t\t\t\t<div class=\"elementor-container elementor-column-gap-no\">\n\t\t\t\t\t\t\t<div class=\"elementor-row\">\n\t\t\t\t\t<div class=\"elementor-column elementor-col-100 elementor-top-column elementor-element elementor-element-3812\" data-id=\"3812\" data-element_type=\"column\">\n\t\t\t<div class=\"elementor-column-wrap elementor-element-populated\">\n\t\t\t\t\t\t\t<div class=\"elementor-widget-wrap\">\n\t\t\t\t\t\t<div class=\"elementor-element elementor-element-64e5 elementor-widget-divider--view-line elementor-widget elementor-widget-divider\" data-id=\"64e5\" data-element_type=\"widget\" data-widget_type=\"divider.default\">\n\t\t\t\t<div class=\"elementor-widget-container\">\n\t\t\t\t\t<div class=\"elementor-divider\">\n\t\t\t<span class=\"elementor-divider-separator\">\n\t\t\t\t\t\t<\/span>\n\t\t<\/div>\n\t\t\t\t<\/div>\n\t\t\t\t<\/div>\n\t\t\t\t<div class=\"elementor-element elementor-element-6bba elementor-widget elementor-widget-spacer\" data-id=\"6bba\" data-element_type=\"widget\" data-widget_type=\"spacer.default\">\n\t\t\t\t<div class=\"elementor-widget-container\">\n\t\t\t\t\t<div class=\"elementor-spacer\">\n\t\t\t<div class=\"elementor-spacer-inner\"><\/div>\n\t\t<\/div>\n\t\t\t\t<\/div>\n\t\t\t\t<\/div>\n\t\t\t\t<div class=\"elementor-element elementor-element-3a6b elementor-widget elementor-widget-heading\" data-id=\"3a6b\" data-element_type=\"widget\" data-widget_type=\"heading.default\">\n\t\t\t\t<div class=\"elementor-widget-container\">\n\t\t\t<h5 class=\"elementor-heading-title elementor-size-default\">Reference<\/h5>\t\t<\/div>\n\t\t\t\t<\/div>\n\t\t\t\t<div class=\"elementor-element elementor-element-29c8 elementor-widget elementor-widget-spacer\" data-id=\"29c8\" data-element_type=\"widget\" data-widget_type=\"spacer.default\">\n\t\t\t\t<div class=\"elementor-widget-container\">\n\t\t\t\t\t<div class=\"elementor-spacer\">\n\t\t\t<div class=\"elementor-spacer-inner\"><\/div>\n\t\t<\/div>\n\t\t\t\t<\/div>\n\t\t\t\t<\/div>\n\t\t\t\t<div class=\"elementor-element elementor-element-6a61 elementor-widget elementor-widget-heading\" data-id=\"6a61\" data-element_type=\"widget\" data-widget_type=\"heading.default\">\n\t\t\t\t<div class=\"elementor-widget-container\">\n\t\t\t<h3 class=\"elementor-heading-title elementor-size-default\">Galerie realizovan\u00fdch projekt\u016f<\/h3>\t\t<\/div>\n\t\t\t\t<\/div>\n\t\t\t\t<div class=\"elementor-element elementor-element-986 elementor-widget elementor-widget-spacer\" data-id=\"986\" data-element_type=\"widget\" data-widget_type=\"spacer.default\">\n\t\t\t\t<div class=\"elementor-widget-container\">\n\t\t\t\t\t<div class=\"elementor-spacer\">\n\t\t\t<div class=\"elementor-spacer-inner\"><\/div>\n\t\t<\/div>\n\t\t\t\t<\/div>\n\t\t\t\t<\/div>\n\t\t\t\t<div class=\"elementor-element elementor-element-1247 elementor-widget elementor-widget-text-editor\" data-id=\"1247\" data-element_type=\"widget\" data-widget_type=\"text-editor.default\">\n\t\t\t\t<div class=\"elementor-widget-container\">\n\t\t\t\t\t\t\t\t<div class=\"elementor-text-editor elementor-clearfix\">\n\t\t\t\t<p>Denn\u011b pracujeme na\u00a0r\u016fzn\u00fdch projektech po\u00a0cel\u00e9 republice. B\u011bhem historie firmy jsme vytvo\u0159ili \u0159adu projekt\u016f v\u00a0r\u016fzn\u00fdch oblastech u\u017eit\u00ed, z\u00a0nich\u017e \u010d\u00e1st v\u00a0t\u00e9to galerii p\u0159edstavujeme. Fotogalerie jsou \u0159azeny chronologicky.<\/p>\t\t\t\t\t<\/div>\n\t\t\t\t\t\t<\/div>\n\t\t\t\t<\/div>\n\t\t\t\t<div class=\"elementor-element elementor-element-1a74 elementor-widget elementor-widget-spacer\" data-id=\"1a74\" data-element_type=\"widget\" data-widget_type=\"spacer.default\">\n\t\t\t\t<div class=\"elementor-widget-container\">\n\t\t\t\t\t<div class=\"elementor-spacer\">\n\t\t\t<div class=\"elementor-spacer-inner\"><\/div>\n\t\t<\/div>\n\t\t\t\t<\/div>\n\t\t\t\t<\/div>\n\t\t\t\t<div class=\"elementor-element elementor-element-4b9d elementor-widget elementor-widget-cherry_projects\" data-id=\"4b9d\" data-element_type=\"widget\" data-widget_type=\"cherry_projects.default\">\n\t\t\t\t<div class=\"elementor-widget-container\">\n\t\t\t\t\t<div class=\"elementor-\"><div class=\"cherry-projects-wrapper\"><div class=\"projects-filters with-ajax\" data-order-default=\"desc\" data-orderby-default=\"date\"><div class=\"projects-filters-list-wrapper\"><ul class=\"projects-filters-list filter-category\"><li class=\"active\"><span data-cat-id=\"\" data-slug=\"\">V\u0161e<\/span><\/li><li><span data-cat-id=\"28\" data-slug=\"bydleni\">Bydlen\u00ed<\/span><\/li><li><span data-cat-id=\"20\" data-slug=\"komercni\">Komer\u010dn\u00ed prostory<\/span><\/li><li><span data-cat-id=\"43\" data-slug=\"ostatni\">Ostatn\u00ed<\/span><\/li><li><span data-cat-id=\"86\" data-slug=\"sportoviste\">Sportovi\u0161t\u011b<\/span><\/li><li><span data-cat-id=\"38\" data-slug=\"verejne\">Ve\u0159ejn\u00e9 prostory<\/span><\/li><\/ul><\/div><\/div><div class=\"projects-container cherry-animation-container grid-layout more-button-mode loading-animation-move-up\" data-settings='{\"list-layout\":\"grid-layout\",\"loading-mode\":\"more-button-mode\",\"hover-animation\":\"simple-scale\",\"post-per-page\":\"6\",\"column-number\":\"3\",\"column-number-laptop\":\"3\",\"column-number-album-tablet\":\"2\",\"column-number-portrait-tablet\":\"1\",\"column-number-mobile\":\"1\",\"item-margin\":\"\",\"fixed-height\":\"300\",\"posts-format\":\"post-format-all\",\"single-term\":\"\",\"filter-type\":\"category\",\"template\":\"grid-default.tmpl\"}'><div class=\"projects-list cherry-animation-list column-desktop-4 column-tablet-2 column-mobile-1\" data-all-posts-count=\"42\" data-columns><\/div><\/div><div class=\"projects-end-line-spinner\"><div class=\"cherry-spinner cherry-spinner-double-bounce\"><div class=\"cherry-double-bounce1\"><\/div><div class=\"cherry-double-bounce2\"><\/div><\/div><\/div><div class=\"cherry-projects-ajax-loader\"><div class=\"cherry-spinner cherry-spinner-double-bounce\"><div class=\"cherry-double-bounce1\"><\/div><div class=\"cherry-double-bounce2\"><\/div><\/div><\/div><\/div><\/div>\r\n\t\t\t\t<\/div>\n\t\t\t\t<\/div>\n\t\t\t\t\t\t<\/div>\n\t\t\t\t\t<\/div>\n\t\t<\/div>\n\t\t\t\t\t\t\t\t<\/div>\n\t\t\t\t\t<\/div>\n\t\t<\/section>\n\t\t\t\t<section class=\"elementor-section elementor-top-section elementor-element elementor-element-7c80936 elementor-section-boxed elementor-section-height-default elementor-section-height-default\" data-id=\"7c80936\" data-element_type=\"section\" data-settings=\"{&quot;background_background&quot;:&quot;classic&quot;}\">\n\t\t\t\t\t\t<div class=\"elementor-container elementor-column-gap-no\">\n\t\t\t\t\t\t\t<div class=\"elementor-row\">\n\t\t\t\t\t<div class=\"elementor-column elementor-col-100 elementor-top-column elementor-element elementor-element-d51fbd3 invert\" data-id=\"d51fbd3\" data-element_type=\"column\" data-settings=\"{&quot;background_background&quot;:&quot;classic&quot;}\">\n\t\t\t<div class=\"elementor-column-wrap elementor-element-populated\">\n\t\t\t\t\t\t\t<div class=\"elementor-widget-wrap\">\n\t\t\t\t\t\t<section class=\"elementor-section elementor-inner-section elementor-element elementor-element-3552c02 elementor-section-boxed elementor-section-height-default elementor-section-height-default\" data-id=\"3552c02\" data-element_type=\"section\">\n\t\t\t\t\t\t<div class=\"elementor-container elementor-column-gap-narrow\">\n\t\t\t\t\t\t\t<div class=\"elementor-row\">\n\t\t\t\t\t<div class=\"elementor-column elementor-col-50 elementor-inner-column elementor-element elementor-element-3542179\" data-id=\"3542179\" data-element_type=\"column\">\n\t\t\t<div class=\"elementor-column-wrap elementor-element-populated\">\n\t\t\t\t\t\t\t<div class=\"elementor-widget-wrap\">\n\t\t\t\t\t\t<div class=\"elementor-element elementor-element-ac46ac0 elementor-widget elementor-widget-heading\" data-id=\"ac46ac0\" data-element_type=\"widget\" data-widget_type=\"heading.default\">\n\t\t\t\t<div class=\"elementor-widget-container\">\n\t\t\t<h3 class=\"elementor-heading-title elementor-size-default\">Oslovila v\u00e1s na\u0161e pr\u00e1ce? Do toho\u2026<\/h3>\t\t<\/div>\n\t\t\t\t<\/div>\n\t\t\t\t\t\t<\/div>\n\t\t\t\t\t<\/div>\n\t\t<\/div>\n\t\t\t\t<div class=\"elementor-column elementor-col-50 elementor-inner-column elementor-element elementor-element-522d17b\" data-id=\"522d17b\" data-element_type=\"column\">\n\t\t\t<div class=\"elementor-column-wrap elementor-element-populated\">\n\t\t\t\t\t\t\t<div class=\"elementor-widget-wrap\">\n\t\t\t\t\t\t<div class=\"elementor-element elementor-element-e2eb5be elementor-align-right elementor-tablet-align-left elementor-mobile-align-left elementor-button-info elementor-widget elementor-widget-button\" data-id=\"e2eb5be\" data-element_type=\"widget\" data-widget_type=\"button.default\">\n\t\t\t\t<div class=\"elementor-widget-container\">\n\t\t\t\t\t<div class=\"elementor-button-wrapper\">\n\t\t\t<a class=\"elementor-button elementor-button-link elementor-size-lg\" href=\"http:\/\/www.setec.cz\/?page_id=1205\">\n\t\t\t\t\t\t<span class=\"elementor-button-content-wrapper\">\n\t\t\t\t\t\t<span class=\"elementor-button-icon elementor-align-icon-left\">\n\t\t\t\t<i aria-hidden=\"true\" class=\"far fa-envelope\"><\/i>\t\t\t<\/span>\n\t\t\t\t\t\t<span class=\"elementor-button-text\">Napi\u0161te n\u00e1m<\/span>\n\t\t<\/span>\n\t\t\t\t\t<\/a>\n\t\t<\/div>\n\t\t\t\t<\/div>\n\t\t\t\t<\/div>\n\t\t\t\t\t\t<\/div>\n\t\t\t\t\t<\/div>\n\t\t<\/div>\n\t\t\t\t\t\t\t\t<\/div>\n\t\t\t\t\t<\/div>\n\t\t<\/section>\n\t\t\t\t\t\t<\/div>\n\t\t\t\t\t<\/div>\n\t\t<\/div>\n\t\t\t\t\t\t\t\t<\/div>\n\t\t\t\t\t<\/div>\n\t\t<\/section>\n\t\t\t\t\t\t\t\t\t<\/div>\n\t\t\t<\/div>\n\t\t\t\t\t<\/div>\n\t\t","protected":false},"excerpt":{"rendered":"<p>Reference Galerie realizovan\u00fdch projekt\u016f Denn\u011b pracujeme na\u00a0r\u016fzn\u00fdch projektech po\u00a0cel\u00e9 republice. B\u011bhem historie firmy jsme vytvo\u0159ili \u0159adu projekt\u016f v\u00a0r\u016fzn\u00fdch oblastech u\u017eit\u00ed, z\u00a0nich\u017e \u010d\u00e1st v\u00a0t\u00e9to galerii p\u0159edstavujeme. Fotogalerie jsou \u0159azeny chronologicky. V\u0161e Bydlen\u00ed Komer\u010dn\u00ed prostory Ostatn\u00ed Sportovi\u0161t\u011b Ve\u0159ejn\u00e9 prostory Oslovila v\u00e1s na\u0161e pr\u00e1ce? Do toho\u2026 Napi\u0161te n\u00e1m<\/p>\n","protected":false},"author":1,"featured_media":0,"parent":0,"menu_order":0,"comment_status":"closed","ping_status":"closed","template":"","meta":{"_monsterinsights_skip_tracking":false,"_monsterinsights_sitenote_active":false,"_monsterinsights_sitenote_note":"","_monsterinsights_sitenote_category":0,"footnotes":""},"class_list":["post-2941","page","type-page","status-publish","hentry","no-thumb"],"_links":{"self":[{"href":"https:\/\/www.setec.cz\/index.php?rest_route=\/wp\/v2\/pages\/2941","targetHints":{"allow":["GET"]}}],"collection":[{"href":"https:\/\/www.setec.cz\/index.php?rest_route=\/wp\/v2\/pages"}],"about":[{"href":"https:\/\/www.setec.cz\/index.php?rest_route=\/wp\/v2\/types\/page"}],"author":[{"embeddable":true,"href":"https:\/\/www.setec.cz\/index.php?rest_route=\/wp\/v2\/users\/1"}],"replies":[{"embeddable":true,"href":"https:\/\/www.setec.cz\/index.php?rest_route=%2Fwp%2Fv2%2Fcomments&post=2941"}],"version-history":[{"count":57,"href":"https:\/\/www.setec.cz\/index.php?rest_route=\/wp\/v2\/pages\/2941\/revisions"}],"predecessor-version":[{"id":4819,"href":"https:\/\/www.setec.cz\/index.php?rest_route=\/wp\/v2\/pages\/2941\/revisions\/4819"}],"wp:attachment":[{"href":"https:\/\/www.setec.cz\/index.php?rest_route=%2Fwp%2Fv2%2Fmedia&parent=2941"}],"curies":[{"name":"wp","href":"https:\/\/api.w.org\/{rel}","templated":true}]}}