{"id":748,"date":"2017-12-13T09:16:05","date_gmt":"2017-12-13T08:16:05","guid":{"rendered":"http:\/\/ld-wp.template-help.com\/wordpress_prod-11024\/v3\/architect\/?page_id=748"},"modified":"2025-06-17T11:36:05","modified_gmt":"2025-06-17T09:36:05","slug":"o-firme","status":"publish","type":"page","link":"https:\/\/www.setec.cz\/?page_id=748","title":{"rendered":"O firm\u011b"},"content":{"rendered":"\t\t<div data-elementor-type=\"wp-page\" data-elementor-id=\"748\" class=\"elementor elementor-748\">\n\t\t\t\t\t\t<div class=\"elementor-inner\">\n\t\t\t\t<div class=\"elementor-section-wrap\">\n\t\t\t\t\t\t\t\t\t<section class=\"elementor-section elementor-top-section elementor-element elementor-element-0731c11 elementor-section-boxed elementor-section-height-default elementor-section-height-default\" data-id=\"0731c11\" data-element_type=\"section\">\n\t\t\t\t\t\t<div class=\"elementor-container elementor-column-gap-default\">\n\t\t\t\t\t\t\t<div class=\"elementor-row\">\n\t\t\t\t\t<div class=\"elementor-column elementor-col-100 elementor-top-column elementor-element elementor-element-eb3461d\" data-id=\"eb3461d\" data-element_type=\"column\">\n\t\t\t<div class=\"elementor-column-wrap elementor-element-populated\">\n\t\t\t\t\t\t\t<div class=\"elementor-widget-wrap\">\n\t\t\t\t\t\t<div class=\"elementor-element elementor-element-4d0a352 elementor-widget elementor-widget-image\" data-id=\"4d0a352\" data-element_type=\"widget\" data-widget_type=\"image.default\">\n\t\t\t\t<div class=\"elementor-widget-container\">\n\t\t\t\t\t\t\t\t<div class=\"elementor-image\">\n\t\t\t\t\t\t\t\t\t\t\t\t<img loading=\"lazy\" decoding=\"async\" width=\"1200\" height=\"469\" src=\"https:\/\/www.setec.cz\/wp-content\/uploads\/2020\/11\/Setec-podzim.jpg\" class=\"attachment-full size-full wp-image-4472\" alt=\"Setec \u2013 budova\" srcset=\"https:\/\/www.setec.cz\/wp-content\/uploads\/2020\/11\/Setec-podzim.jpg 1200w, https:\/\/www.setec.cz\/wp-content\/uploads\/2020\/11\/Setec-podzim-300x117.jpg 300w, https:\/\/www.setec.cz\/wp-content\/uploads\/2020\/11\/Setec-podzim-1024x400.jpg 1024w, https:\/\/www.setec.cz\/wp-content\/uploads\/2020\/11\/Setec-podzim-768x300.jpg 768w, https:\/\/www.setec.cz\/wp-content\/uploads\/2020\/11\/Setec-podzim-560x219.jpg 560w\" sizes=\"auto, (max-width: 1200px) 100vw, 1200px\" \/>\t\t\t\t\t\t\t\t\t\t\t\t\t\t<\/div>\n\t\t\t\t\t\t<\/div>\n\t\t\t\t<\/div>\n\t\t\t\t\t\t<\/div>\n\t\t\t\t\t<\/div>\n\t\t<\/div>\n\t\t\t\t\t\t\t\t<\/div>\n\t\t\t\t\t<\/div>\n\t\t<\/section>\n\t\t\t\t<section class=\"elementor-section elementor-top-section elementor-element elementor-element-65c2b98 elementor-section-boxed elementor-section-height-default elementor-section-height-default\" data-id=\"65c2b98\" data-element_type=\"section\">\n\t\t\t\t\t\t<div class=\"elementor-container elementor-column-gap-default\">\n\t\t\t\t\t\t\t<div class=\"elementor-row\">\n\t\t\t\t\t<div class=\"elementor-column elementor-col-33 elementor-top-column elementor-element elementor-element-4c9434d\" data-id=\"4c9434d\" data-element_type=\"column\">\n\t\t\t<div class=\"elementor-column-wrap elementor-element-populated\">\n\t\t\t\t\t\t\t<div class=\"elementor-widget-wrap\">\n\t\t\t\t\t\t<div class=\"elementor-element elementor-element-9bb768a elementor-widget elementor-widget-image\" data-id=\"9bb768a\" data-element_type=\"widget\" data-widget_type=\"image.default\">\n\t\t\t\t<div class=\"elementor-widget-container\">\n\t\t\t\t\t\t\t\t<div class=\"elementor-image\">\n\t\t\t\t\t\t\t\t\t\t\t\t<img decoding=\"async\" src=\"https:\/\/www.setec.cz\/wp-content\/uploads\/2019\/12\/O-firme-a.jpg\" title=\"O-firme-a\" alt=\"Setec \u2013 obchodn\u00ed odd\u011blen\u00ed\" loading=\"lazy\" \/>\t\t\t\t\t\t\t\t\t\t\t\t\t\t<\/div>\n\t\t\t\t\t\t<\/div>\n\t\t\t\t<\/div>\n\t\t\t\t<div class=\"elementor-element elementor-element-8b7617a elementor-widget elementor-widget-spacer\" data-id=\"8b7617a\" data-element_type=\"widget\" data-widget_type=\"spacer.default\">\n\t\t\t\t<div class=\"elementor-widget-container\">\n\t\t\t\t\t<div class=\"elementor-spacer\">\n\t\t\t<div class=\"elementor-spacer-inner\"><\/div>\n\t\t<\/div>\n\t\t\t\t<\/div>\n\t\t\t\t<\/div>\n\t\t\t\t<div class=\"elementor-element elementor-element-becc097 elementor-widget elementor-widget-image\" data-id=\"becc097\" data-element_type=\"widget\" data-widget_type=\"image.default\">\n\t\t\t\t<div class=\"elementor-widget-container\">\n\t\t\t\t\t\t\t\t<div class=\"elementor-image\">\n\t\t\t\t\t\t\t\t\t\t\t\t<img decoding=\"async\" src=\"https:\/\/www.setec.cz\/wp-content\/uploads\/2019\/12\/O-firme-c.jpg\" title=\"O-firme-c\" alt=\"Setec \u2013 obchodn\u00ed odd\u011blen\u00ed\" loading=\"lazy\" \/>\t\t\t\t\t\t\t\t\t\t\t\t\t\t<\/div>\n\t\t\t\t\t\t<\/div>\n\t\t\t\t<\/div>\n\t\t\t\t<div class=\"elementor-element elementor-element-978c921 elementor-widget elementor-widget-spacer\" data-id=\"978c921\" data-element_type=\"widget\" data-widget_type=\"spacer.default\">\n\t\t\t\t<div class=\"elementor-widget-container\">\n\t\t\t\t\t<div class=\"elementor-spacer\">\n\t\t\t<div class=\"elementor-spacer-inner\"><\/div>\n\t\t<\/div>\n\t\t\t\t<\/div>\n\t\t\t\t<\/div>\n\t\t\t\t<div class=\"elementor-element elementor-element-06be192 elementor-widget elementor-widget-image\" data-id=\"06be192\" data-element_type=\"widget\" data-widget_type=\"image.default\">\n\t\t\t\t<div class=\"elementor-widget-container\">\n\t\t\t\t\t\t\t\t<div class=\"elementor-image\">\n\t\t\t\t\t\t\t\t\t\t\t\t<img decoding=\"async\" src=\"https:\/\/www.setec.cz\/wp-content\/uploads\/2020\/11\/O-firme-d.jpg\" title=\"O-firme-d\" alt=\"Setec \u2013 obchodn\u00ed odd\u011blen\u00ed\" loading=\"lazy\" \/>\t\t\t\t\t\t\t\t\t\t\t\t\t\t<\/div>\n\t\t\t\t\t\t<\/div>\n\t\t\t\t<\/div>\n\t\t\t\t<div class=\"elementor-element elementor-element-a2b38ca elementor-widget elementor-widget-spacer\" data-id=\"a2b38ca\" data-element_type=\"widget\" data-widget_type=\"spacer.default\">\n\t\t\t\t<div class=\"elementor-widget-container\">\n\t\t\t\t\t<div class=\"elementor-spacer\">\n\t\t\t<div class=\"elementor-spacer-inner\"><\/div>\n\t\t<\/div>\n\t\t\t\t<\/div>\n\t\t\t\t<\/div>\n\t\t\t\t<div class=\"elementor-element elementor-element-9c08a9f elementor-widget elementor-widget-image\" data-id=\"9c08a9f\" data-element_type=\"widget\" data-widget_type=\"image.default\">\n\t\t\t\t<div class=\"elementor-widget-container\">\n\t\t\t\t\t\t\t\t<div class=\"elementor-image\">\n\t\t\t\t\t\t\t\t\t\t\t\t\t<a href=\"https:\/\/www.setec.cz\/wp-content\/uploads\/2025\/06\/fve-setec.jpg\" data-elementor-open-lightbox=\"yes\" data-elementor-lightbox-title=\"fve-setec\" data-e-action-hash=\"#elementor-action%3Aaction%3Dlightbox%26settings%3DeyJpZCI6NTAzMSwidXJsIjoiaHR0cHM6XC9cL3d3dy5zZXRlYy5jelwvd3AtY29udGVudFwvdXBsb2Fkc1wvMjAyNVwvMDZcL2Z2ZS1zZXRlYy5qcGcifQ%3D%3D\">\n\t\t\t\t\t\t\t<img decoding=\"async\" src=\"https:\/\/www.setec.cz\/wp-content\/uploads\/2025\/06\/fve-setec.jpg\" title=\"fve-setec\" alt=\"fve-setec\" loading=\"lazy\" \/>\t\t\t\t\t\t\t\t<\/a>\n\t\t\t\t\t\t\t\t\t\t\t\t\t\t<\/div>\n\t\t\t\t\t\t<\/div>\n\t\t\t\t<\/div>\n\t\t\t\t\t\t<\/div>\n\t\t\t\t\t<\/div>\n\t\t<\/div>\n\t\t\t\t<div class=\"elementor-column elementor-col-66 elementor-top-column elementor-element elementor-element-f18db7a\" data-id=\"f18db7a\" data-element_type=\"column\">\n\t\t\t<div class=\"elementor-column-wrap elementor-element-populated\">\n\t\t\t\t\t\t\t<div class=\"elementor-widget-wrap\">\n\t\t\t\t\t\t<div class=\"elementor-element elementor-element-17b6636 elementor-widget-divider--view-line elementor-widget elementor-widget-divider\" data-id=\"17b6636\" data-element_type=\"widget\" data-widget_type=\"divider.default\">\n\t\t\t\t<div class=\"elementor-widget-container\">\n\t\t\t\t\t<div class=\"elementor-divider\">\n\t\t\t<span class=\"elementor-divider-separator\">\n\t\t\t\t\t\t<\/span>\n\t\t<\/div>\n\t\t\t\t<\/div>\n\t\t\t\t<\/div>\n\t\t\t\t<div class=\"elementor-element elementor-element-c059602 elementor-widget elementor-widget-spacer\" data-id=\"c059602\" data-element_type=\"widget\" data-widget_type=\"spacer.default\">\n\t\t\t\t<div class=\"elementor-widget-container\">\n\t\t\t\t\t<div class=\"elementor-spacer\">\n\t\t\t<div class=\"elementor-spacer-inner\"><\/div>\n\t\t<\/div>\n\t\t\t\t<\/div>\n\t\t\t\t<\/div>\n\t\t\t\t<div class=\"elementor-element elementor-element-1d54eeb elementor-widget elementor-widget-heading\" data-id=\"1d54eeb\" data-element_type=\"widget\" data-widget_type=\"heading.default\">\n\t\t\t\t<div class=\"elementor-widget-container\">\n\t\t\t<h5 class=\"elementor-heading-title elementor-size-default\">O firm\u011b<\/h5>\t\t<\/div>\n\t\t\t\t<\/div>\n\t\t\t\t<div class=\"elementor-element elementor-element-fbae81c elementor-widget elementor-widget-spacer\" data-id=\"fbae81c\" data-element_type=\"widget\" data-widget_type=\"spacer.default\">\n\t\t\t\t<div class=\"elementor-widget-container\">\n\t\t\t\t\t<div class=\"elementor-spacer\">\n\t\t\t<div class=\"elementor-spacer-inner\"><\/div>\n\t\t<\/div>\n\t\t\t\t<\/div>\n\t\t\t\t<\/div>\n\t\t\t\t<div class=\"elementor-element elementor-element-9130d82 elementor-widget elementor-widget-heading\" data-id=\"9130d82\" data-element_type=\"widget\" data-widget_type=\"heading.default\">\n\t\t\t\t<div class=\"elementor-widget-container\">\n\t\t\t<h3 class=\"elementor-heading-title elementor-size-default\">SETEC s. r. o.<\/h3>\t\t<\/div>\n\t\t\t\t<\/div>\n\t\t\t\t<div class=\"elementor-element elementor-element-4a3c010 elementor-widget elementor-widget-text-editor\" data-id=\"4a3c010\" data-element_type=\"widget\" data-widget_type=\"text-editor.default\">\n\t\t\t\t<div class=\"elementor-widget-container\">\n\t\t\t\t\t\t\t\t<div class=\"elementor-text-editor elementor-clearfix\">\n\t\t\t\t<p>Spole\u010dnost SETEC s. r.\u00a0o. je\u00a0\u010deskou firmou, kter\u00e1\u00a0se\u00a0orientuje na\u00a0prodej sv\u00edtidel a\u00a0p\u0159\u00edslu\u0161enstv\u00ed od\u00a0cel\u00e9 \u0159ady dom\u00e1c\u00edch i\u00a0zahrani\u010dn\u00edch v\u00fdrobc\u016f. Prov\u00e1d\u00edme projektov\u00e9 a\u00a0poradensk\u00e9 slu\u017eby v\u00a0oblasti sv\u011bteln\u00e9 techniky a\u00a0dod\u00e1vky osv\u011btlovac\u00edch a\u00a0energeticky \u00fasporn\u00fdch syst\u00e9m\u016f.<\/p><p>D\u00e1le prov\u00e1d\u00edme \u0159adu servisn\u00edch a\u00a0mont\u00e1\u017en\u00edch \u010dinnost\u00ed. Syst\u00e9m zaji\u0161\u0165ov\u00e1n\u00ed zak\u00e1zek je\u00a0postaven na\u00a0jejich komplexn\u00edm proveden\u00ed. Od\u00a0\u00favodn\u00ed studie, p\u0159es projekt a\u00a0realizaci a\u017e k\u00a0pr\u016fb\u011b\u017en\u00e9mu servisu.<\/p><p>Pracovn\u00edci, kte\u0159\u00ed zaji\u0161\u0165uj\u00ed jednotliv\u00e9 f\u00e1ze zak\u00e1zky maj\u00ed dlouholet\u00e9 zku\u0161enosti z\u00a0p\u0159\u00edslu\u0161n\u00fdch obor\u016f a\u00a0jsou pln\u011b odpov\u011bdni za\u00a0Va\u0161i spokojenost.<\/p><p>V na\u0161\u00ed vzorkovn\u011b Pr\u00e1\u010dsk\u00e1 8c, Praha 10 je\u00a0V\u00e1m k\u00a0dispozici rozs\u00e1hl\u00e1 firemn\u00ed knihovna, kter\u00e1\u00a0obsahuje nab\u00eddku katalog\u016f v\u00fdrobc\u016f a\u00a0literaturu z\u00a0oblasti sv\u011bteln\u00e9 techniky.<\/p>\t\t\t\t\t<\/div>\n\t\t\t\t\t\t<\/div>\n\t\t\t\t<\/div>\n\t\t\t\t<div class=\"elementor-element elementor-element-98f21c5 elementor-widget elementor-widget-spacer\" data-id=\"98f21c5\" data-element_type=\"widget\" data-widget_type=\"spacer.default\">\n\t\t\t\t<div class=\"elementor-widget-container\">\n\t\t\t\t\t<div class=\"elementor-spacer\">\n\t\t\t<div class=\"elementor-spacer-inner\"><\/div>\n\t\t<\/div>\n\t\t\t\t<\/div>\n\t\t\t\t<\/div>\n\t\t\t\t<div class=\"elementor-element elementor-element-8801a1e elementor-widget-divider--view-line elementor-widget elementor-widget-divider\" data-id=\"8801a1e\" data-element_type=\"widget\" data-widget_type=\"divider.default\">\n\t\t\t\t<div class=\"elementor-widget-container\">\n\t\t\t\t\t<div class=\"elementor-divider\">\n\t\t\t<span class=\"elementor-divider-separator\">\n\t\t\t\t\t\t<\/span>\n\t\t<\/div>\n\t\t\t\t<\/div>\n\t\t\t\t<\/div>\n\t\t\t\t<div class=\"elementor-element elementor-element-338dc12 elementor-widget elementor-widget-spacer\" data-id=\"338dc12\" data-element_type=\"widget\" data-widget_type=\"spacer.default\">\n\t\t\t\t<div class=\"elementor-widget-container\">\n\t\t\t\t\t<div class=\"elementor-spacer\">\n\t\t\t<div class=\"elementor-spacer-inner\"><\/div>\n\t\t<\/div>\n\t\t\t\t<\/div>\n\t\t\t\t<\/div>\n\t\t\t\t<div class=\"elementor-element elementor-element-2974481 elementor-widget elementor-widget-heading\" data-id=\"2974481\" data-element_type=\"widget\" data-widget_type=\"heading.default\">\n\t\t\t\t<div class=\"elementor-widget-container\">\n\t\t\t<h5 class=\"elementor-heading-title elementor-size-default\">Filozofie firmy<\/h5>\t\t<\/div>\n\t\t\t\t<\/div>\n\t\t\t\t<div class=\"elementor-element elementor-element-3e3d458 elementor-widget elementor-widget-spacer\" data-id=\"3e3d458\" data-element_type=\"widget\" data-widget_type=\"spacer.default\">\n\t\t\t\t<div class=\"elementor-widget-container\">\n\t\t\t\t\t<div class=\"elementor-spacer\">\n\t\t\t<div class=\"elementor-spacer-inner\"><\/div>\n\t\t<\/div>\n\t\t\t\t<\/div>\n\t\t\t\t<\/div>\n\t\t\t\t<div class=\"elementor-element elementor-element-aa039a5 elementor-widget elementor-widget-text-editor\" data-id=\"aa039a5\" data-element_type=\"widget\" data-widget_type=\"text-editor.default\">\n\t\t\t\t<div class=\"elementor-widget-container\">\n\t\t\t\t\t\t\t\t<div class=\"elementor-text-editor elementor-clearfix\">\n\t\t\t\t<p><strong>Odbornost a\u00a0kvalitn\u00ed projekt:<\/strong><br \/>Projektujeme nov\u00e9 osv\u011btlovac\u00ed soustavy a\u00a0optimalizujeme st\u00e1vaj\u00edc\u00ed. Na\u0161im projekt\u016fm se\u00a0v\u011bnujeme pe\u010dliv\u011b a\u00a0zpracov\u00e1v\u00e1me je\u00a0do\u00a0detail\u016f.<\/p><p><strong>Dlouhodob\u00e1 spolupr\u00e1ce se\u00a0z\u00e1kazn\u00edkem:<\/strong><br \/>Pokud se\u00a0stanete na\u0161\u00edm z\u00e1kazn\u00edkem, \u010dek\u00e1 V\u00e1s neobvykl\u00e1 p\u00e9\u010de. Vy\u0159e\u0161\u00edme Va\u0161e velk\u00e9 i\u00a0mal\u00e9 z\u00e1m\u011bry s\u00a0osv\u011btlen\u00edm.<\/p><p><strong>Nez\u00e1vislost ve\u00a0v\u00fdb\u011bru:<\/strong><br \/>Na\u0161\u00edm c\u00edlem je\u00a0poskytnout kvalitn\u00ed osv\u011btlen\u00ed pomoc\u00ed v\u00fdrobk\u016f, kter\u00e9\u00a0jsou technicky, designov\u011b i\u00a0cenov\u011b vhodn\u00e9.<br \/>Spolupracujeme s\u00a0\u0159adou \u010desk\u00fdch i\u00a0zahrani\u010dn\u00edch v\u00fdrobc\u016f nejen obchodn\u011b, ale tak\u00e9 na\u00a0v\u00fdvoji nov\u00fdch sv\u00edtidel.<\/p><p><strong>Poskytov\u00e1n\u00ed \u00fapln\u00fdch informac\u00ed:<\/strong><br \/>Odpov\u00edme V\u00e1m na\u00a0v\u0161echny ot\u00e1zky pravdiv\u011b a\u00a0\u00fapln\u011b.<br \/>A\u0165 u\u017e se\u00a0jedn\u00e1 o\u00a0technick\u00e9 parametry nebo obchodn\u00ed podm\u00ednky. Preferujeme vztahy zalo\u017een\u00e9 na\u00a0\u00fap\u0159\u00edmnosti a\u00a0d\u016fv\u011b\u0159e.<\/p><p><strong>Komplexn\u00ed servis:<\/strong><br \/>To\u00a0co\u00a0vyprojektujeme &#8211; dok\u00e1\u017eeme i\u00a0dodat. To\u00a0co\u00a0dod\u00e1me &#8211; dok\u00e1\u017eeme namontovat a\u00a0postar\u00e1me se\u00a0o\u00a0to\u00a0v\u00a0r\u00e1mci z\u00e1ru\u010dn\u00edho a\u00a0poz\u00e1ru\u010dn\u00edho servisu.<\/p><p><strong>Podpora v\u011bdy a\u00a0um\u011bn\u00ed:<\/strong><br \/>Konzultace s\u00a0astronomick\u00fdm \u00fastavem i\u00a0jednotliv\u00fdmi hv\u011bzd\u00e1rnami n\u00e1m p\u0159in\u00e1\u0161\u00ed cenn\u00e9 informace z\u00a0\u201edruh\u00e9\u201c strany a\u00a0tak\u00a0se\u00a0sna\u017e\u00edme sv\u00edtit jen\u00a0tam kde\u00a0je\u00a0to\u00a0nezbytn\u00e9.<br \/>Spolupr\u00e1ce s\u00a0um\u011blci je\u00a0v\u017edy inspiruj\u00edc\u00edm z\u00e1\u017eitkem, kter\u00fd\u00a0p\u0159in\u00e1\u0161\u00ed nov\u00e9 my\u0161lenky a\u00a0netradi\u010dn\u00ed \u0159e\u0161en\u00ed.<\/p><p>\u00a0<\/p>\t\t\t\t\t<\/div>\n\t\t\t\t\t\t<\/div>\n\t\t\t\t<\/div>\n\t\t\t\t<div class=\"elementor-element elementor-element-668b578 elementor-widget elementor-widget-image\" data-id=\"668b578\" data-element_type=\"widget\" data-widget_type=\"image.default\">\n\t\t\t\t<div class=\"elementor-widget-container\">\n\t\t\t\t\t\t\t\t<div class=\"elementor-image\">\n\t\t\t\t\t\t\t\t\t\t\t\t<img decoding=\"async\" src=\"https:\/\/www.setec.cz\/wp-content\/uploads\/2025\/06\/fve-setec-e1750103808664.jpg\" title=\"\" alt=\"\" loading=\"lazy\" \/>\t\t\t\t\t\t\t\t\t\t\t\t\t\t<\/div>\n\t\t\t\t\t\t<\/div>\n\t\t\t\t<\/div>\n\t\t\t\t\t\t<\/div>\n\t\t\t\t\t<\/div>\n\t\t<\/div>\n\t\t\t\t\t\t\t\t<\/div>\n\t\t\t\t\t<\/div>\n\t\t<\/section>\n\t\t\t\t<section class=\"elementor-section elementor-top-section elementor-element elementor-element-be01bbb elementor-section-boxed elementor-section-height-default elementor-section-height-default\" data-id=\"be01bbb\" data-element_type=\"section\">\n\t\t\t\t\t\t<div class=\"elementor-container elementor-column-gap-default\">\n\t\t\t\t\t\t\t<div class=\"elementor-row\">\n\t\t\t\t\t<div class=\"elementor-column elementor-col-100 elementor-top-column elementor-element elementor-element-d2b6c91\" data-id=\"d2b6c91\" data-element_type=\"column\">\n\t\t\t<div class=\"elementor-column-wrap\">\n\t\t\t\t\t\t\t<div class=\"elementor-widget-wrap\">\n\t\t\t\t\t\t\t\t<\/div>\n\t\t\t\t\t<\/div>\n\t\t<\/div>\n\t\t\t\t\t\t\t\t<\/div>\n\t\t\t\t\t<\/div>\n\t\t<\/section>\n\t\t\t\t\t\t\t\t\t<\/div>\n\t\t\t<\/div>\n\t\t\t\t\t<\/div>\n\t\t","protected":false},"excerpt":{"rendered":"<p>O firm\u011b SETEC s. r. o. Spole\u010dnost SETEC s. r.\u00a0o. je\u00a0\u010deskou firmou, kter\u00e1\u00a0se\u00a0orientuje na\u00a0prodej sv\u00edtidel a\u00a0p\u0159\u00edslu\u0161enstv\u00ed od\u00a0cel\u00e9 \u0159ady dom\u00e1c\u00edch i\u00a0zahrani\u010dn\u00edch v\u00fdrobc\u016f. Prov\u00e1d\u00edme projektov\u00e9 a\u00a0poradensk\u00e9 slu\u017eby v\u00a0oblasti sv\u011bteln\u00e9 techniky a\u00a0dod\u00e1vky osv\u011btlovac\u00edch a\u00a0energeticky \u00fasporn\u00fdch syst\u00e9m\u016f. D\u00e1le prov\u00e1d\u00edme \u0159adu servisn\u00edch a\u00a0mont\u00e1\u017en\u00edch \u010dinnost\u00ed. Syst\u00e9m zaji\u0161\u0165ov\u00e1n\u00ed zak\u00e1zek je\u00a0postaven na\u00a0jejich komplexn\u00edm proveden\u00ed. Od\u00a0\u00favodn\u00ed studie, p\u0159es projekt a\u00a0realizaci a\u017e k\u00a0pr\u016fb\u011b\u017en\u00e9mu servisu. Pracovn\u00edci, &hellip;<\/p>\n","protected":false},"author":1,"featured_media":0,"parent":0,"menu_order":0,"comment_status":"closed","ping_status":"closed","template":"","meta":{"_monsterinsights_skip_tracking":false,"_monsterinsights_sitenote_active":false,"_monsterinsights_sitenote_note":"","_monsterinsights_sitenote_category":0,"footnotes":""},"class_list":["post-748","page","type-page","status-publish","hentry","no-thumb"],"_links":{"self":[{"href":"https:\/\/www.setec.cz\/index.php?rest_route=\/wp\/v2\/pages\/748","targetHints":{"allow":["GET"]}}],"collection":[{"href":"https:\/\/www.setec.cz\/index.php?rest_route=\/wp\/v2\/pages"}],"about":[{"href":"https:\/\/www.setec.cz\/index.php?rest_route=\/wp\/v2\/types\/page"}],"author":[{"embeddable":true,"href":"https:\/\/www.setec.cz\/index.php?rest_route=\/wp\/v2\/users\/1"}],"replies":[{"embeddable":true,"href":"https:\/\/www.setec.cz\/index.php?rest_route=%2Fwp%2Fv2%2Fcomments&post=748"}],"version-history":[{"count":180,"href":"https:\/\/www.setec.cz\/index.php?rest_route=\/wp\/v2\/pages\/748\/revisions"}],"predecessor-version":[{"id":5034,"href":"https:\/\/www.setec.cz\/index.php?rest_route=\/wp\/v2\/pages\/748\/revisions\/5034"}],"wp:attachment":[{"href":"https:\/\/www.setec.cz\/index.php?rest_route=%2Fwp%2Fv2%2Fmedia&parent=748"}],"curies":[{"name":"wp","href":"https:\/\/api.w.org\/{rel}","templated":true}]}}